{"id":25567,"date":"2026-05-03T17:14:23","date_gmt":"2026-05-03T15:14:23","guid":{"rendered":"https:\/\/www.phelippotyves.fr\/site\/?page_id=25567"},"modified":"2026-05-03T17:14:23","modified_gmt":"2026-05-03T15:14:23","slug":"mentions-legales","status":"publish","type":"page","link":"https:\/\/www.phelippotyves.fr\/site\/mentions-legales","title":{"rendered":"Mentions l\u00e9gales"},"content":{"rendered":"<p><strong>MENTIONS L\u00c9GALES<\/strong><\/p>\n<p><strong>1. \u00c9diteur du site<\/strong><br \/>\nLe pr\u00e9sent site accessible \u00e0 l\u2019adresse : <a href=\"https:\/\/www.phelippotyves.fr\/site\/\">https:\/\/www.phelippotyves.fr\/site\/<\/a> est \u00e9dit\u00e9 par :<\/p>\n<p>Nom : Phelippot Yves<br \/>\nLe directeur de la publication est : Phelippot Yves<\/p>\n<hr \/>\n<p><strong>2. H\u00e9bergement du site<\/strong><br \/>\nLe site est h\u00e9berg\u00e9 par :<br \/>\nOVH SAS<br \/>\n2 rue Kellermann<br \/>\n59100 Roubaix<br \/>\nFrance<br \/>\nT\u00e9l\u00e9phone : 1007<br \/>\nSite web : <a href=\"https:\/\/www.ovh.com\">https:\/\/www.ovh.com<\/a><\/p>\n<hr \/>\n<p><strong>3. Propri\u00e9t\u00e9 intellectuelle<\/strong><br \/>\nL\u2019ensemble du contenu pr\u00e9sent sur ce site (textes, images, graphismes, logo, etc.) est prot\u00e9g\u00e9 par le droit d\u2019auteur.<br \/>\nToute reproduction, distribution ou utilisation sans autorisation pr\u00e9alable est strictement interdite.<\/p>\n<hr \/>\n<p><strong>4. Responsabilit\u00e9<\/strong><br \/>\nL\u2019\u00e9diteur du site met tout en \u0153uvre pour fournir des informations fiables et \u00e0 jour.<br \/>\nCependant, il ne saurait \u00eatre tenu responsable des erreurs, omissions ou r\u00e9sultats pouvant \u00eatre obtenus par un mauvais usage des informations diffus\u00e9es.<\/p>\n<hr \/>\n<p><strong>5. Donn\u00e9es personnelles<\/strong><br \/>\nLes informations \u00e9ventuellement collect\u00e9es sur ce site sont utilis\u00e9es uniquement dans le cadre de la relation avec les utilisateurs.<br \/>\nConform\u00e9ment au R\u00e8glement G\u00e9n\u00e9ral sur la Protection des Donn\u00e9es (RGPD), vous disposez d\u2019un droit d\u2019acc\u00e8s, de rectification et de suppression de vos donn\u00e9es.<br \/>\nVous pouvez exercer ce droit en contactant : contact@phelippotyves.fr<\/p>\n<hr \/>\n<p><strong>6. Cookies<\/strong><br \/>\nLe site peut utiliser des cookies afin d\u2019am\u00e9liorer l\u2019exp\u00e9rience utilisateur.<br \/>\nVous pouvez consulter la politique de cookies \u00e0 l\u2019adresse suivante :<br \/>\n<a href=\"https:\/\/www.phelippotyves.fr\/site\/politique-de-cookies-ue\">https:\/\/www.phelippotyves.fr\/site\/politique-de-cookies-ue<\/a><\/p>\n<hr \/>\n<p><strong>7. Droit applicable<\/strong><br \/>\nLe pr\u00e9sent site est soumis au droit fran\u00e7ais.<\/p>\n<hr \/>\n","protected":false},"excerpt":{"rendered":"<p>MENTIONS L\u00c9GALES 1. \u00c9diteur du site Le pr\u00e9sent site accessible \u00e0 l\u2019adresse : https:\/\/www.phelippotyves.fr\/site\/ est \u00e9dit\u00e9 par : Nom : Phelippot Yves Le directeur de la publication est : Phelippot Yves 2. H\u00e9bergement du site Le site est h\u00e9berg\u00e9 par &hellip; <a href=\"https:\/\/www.phelippotyves.fr\/site\/mentions-legales\">Continuer la lecture <span class=\"meta-nav\">&rarr;<\/span><\/a><\/p>\n","protected":false},"author":74,"featured_media":0,"parent":0,"menu_order":0,"comment_status":"closed","ping_status":"closed","template":"","meta":{"footnotes":""},"class_list":["post-25567","page","type-page","status-publish","hentry"],"_links":{"self":[{"href":"https:\/\/www.phelippotyves.fr\/site\/wp-json\/wp\/v2\/pages\/25567","targetHints":{"allow":["GET"]}}],"collection":[{"href":"https:\/\/www.phelippotyves.fr\/site\/wp-json\/wp\/v2\/pages"}],"about":[{"href":"https:\/\/www.phelippotyves.fr\/site\/wp-json\/wp\/v2\/types\/page"}],"author":[{"embeddable":true,"href":"https:\/\/www.phelippotyves.fr\/site\/wp-json\/wp\/v2\/users\/74"}],"replies":[{"embeddable":true,"href":"https:\/\/www.phelippotyves.fr\/site\/wp-json\/wp\/v2\/comments?post=25567"}],"version-history":[{"count":1,"href":"https:\/\/www.phelippotyves.fr\/site\/wp-json\/wp\/v2\/pages\/25567\/revisions"}],"predecessor-version":[{"id":25568,"href":"https:\/\/www.phelippotyves.fr\/site\/wp-json\/wp\/v2\/pages\/25567\/revisions\/25568"}],"wp:attachment":[{"href":"https:\/\/www.phelippotyves.fr\/site\/wp-json\/wp\/v2\/media?parent=25567"}],"curies":[{"name":"wp","href":"https:\/\/api.w.org\/{rel}","templated":true}]}}