{"id":819,"date":"2010-08-02T12:56:51","date_gmt":"2010-08-02T10:56:51","guid":{"rendered":"https:\/\/www.phelippotyves.fr\/site\/?page_id=819"},"modified":"2021-06-08T12:37:13","modified_gmt":"2021-06-08T10:37:13","slug":"actualite","status":"publish","type":"page","link":"https:\/\/www.phelippotyves.fr\/site\/","title":{"rendered":"Actualit\u00e9"},"content":{"rendered":"<p><a href=\"https:\/\/www.phelippotyves.fr\/site\/abonnement-image-jour\">Abonnez-vous \u00e0 &#8220;une image par jour&#8221;<\/a><\/p>\n<h2>2021<\/h2>\n<p>Interview sur RCF Radio du 04 juin<\/p>\n<p><iframe loading=\"lazy\" src=\"https:\/\/rcf.fr\/embed\/2673008\" width=\"100%\" height=\"120\" frameborder=\"0\"><\/iframe><\/p>\n<h2><strong>2019 &#8211; 2020<br \/>\n<\/strong><\/h2>\n<p><iframe loading=\"lazy\" src=\"https:\/\/www.youtube.com\/embed\/TSbGpLroOB4?rel=0\" allowfullscreen=\"allowfullscreen\" width=\"560\" height=\"315\" frameborder=\"0\"><span style=\"display: inline-block; width: 0px; overflow: hidden; line-height: 0;\" data-mce-type=\"bookmark\" class=\"mce_SELRES_start\">\ufeff<\/span><span style=\"display: inline-block; width: 0px; overflow: hidden; line-height: 0;\" data-mce-type=\"bookmark\" class=\"mce_SELRES_start\">\ufeff<\/span><\/iframe><\/p>\n<p><a href=\"https:\/\/www.phelippotyves.fr\/site\/livres\" rel=\"noopener noreferrer\"><img loading=\"lazy\" decoding=\"async\" class=\"alignnone wp-image-15824 size-full\" src=\"https:\/\/www.phelippotyves.fr\/site\/wp-content\/uploads\/livre.jpg\" alt=\"\" width=\"150\" height=\"143\"><\/a><\/p>\n<p><a href=\"https:\/\/www.phelippotyves.fr\/site\/nouvelle-zelande\"><img loading=\"lazy\" decoding=\"async\" class=\"alignnone wp-image-15817 size-full\" src=\"https:\/\/www.phelippotyves.fr\/site\/wp-content\/uploads\/NELLE-ZELANDE-2019.jpg\" alt=\"\" width=\"150\" height=\"143\"><\/a> <a href=\"https:\/\/www.phelippotyves.fr\/site\/art-contemporain\"><img loading=\"lazy\" decoding=\"async\" class=\"alignnone wp-image-15629 size-full\" src=\"https:\/\/www.phelippotyves.fr\/site\/wp-content\/uploads\/ART-CONTEMPORAIN-1.jpg\" alt=\"\" width=\"150\" height=\"143\">&nbsp; <\/a><a href=\"https:\/\/www.phelippotyves.fr\/site\/compressions-extensions\"><img loading=\"lazy\" decoding=\"async\" class=\"alignnone wp-image-15631 size-full\" src=\"https:\/\/www.phelippotyves.fr\/site\/wp-content\/uploads\/compressions-extensions.jpg\" alt=\"\" width=\"150\" height=\"143\"><\/a><\/p>\n<p><a href=\"https:\/\/www.phelippotyves.fr\/site\/carnaval-de-venise-2020\"><img loading=\"lazy\" decoding=\"async\" class=\"alignnone wp-image-16033 size-full\" src=\"https:\/\/www.phelippotyves.fr\/site\/wp-content\/uploads\/00-carnaval-de-Venise-2020.jpg\" alt=\"\" width=\"150\" height=\"143\"><\/a><\/p>\n<h2><strong>2017 &#8211; 2018<\/strong><\/h2>\n<p><a href=\"https:\/\/www.phelippotyves.fr\/site\/art-contemporain\"><img loading=\"lazy\" decoding=\"async\" class=\"alignnone wp-image-13142 size-full\" src=\"https:\/\/www.phelippotyves.fr\/site\/wp-content\/uploads\/ART-CONTEMPORAIN.jpg\" alt=\"\" width=\"150\" height=\"143\"><\/a><\/p>\n<p><strong>Expositions de juin \u00e0 septembre 2018<br \/>\n<\/strong><\/p>\n<p><a href=\"https:\/\/www.phelippotyves.fr\/site\/wp-content\/uploads\/mothe2.jpg\"><img loading=\"lazy\" decoding=\"async\" class=\"alignnone wp-image-13288 size-thumbnail\" src=\"https:\/\/www.phelippotyves.fr\/site\/wp-content\/uploads\/mothe2-150x150.jpg\" alt=\"\" width=\"150\" height=\"150\">&nbsp;<\/a><a href=\"https:\/\/www.phelippotyves.fr\/site\/wp-content\/uploads\/mothe.jpg\"><img loading=\"lazy\" decoding=\"async\" class=\"alignnone wp-image-13287 size-thumbnail\" src=\"https:\/\/www.phelippotyves.fr\/site\/wp-content\/uploads\/mothe-150x150.jpg\" alt=\"\" width=\"150\" height=\"150\"><\/a><a href=\"https:\/\/www.phelippotyves.fr\/site\/wp-content\/uploads\/programme.jpg\">&nbsp;<img loading=\"lazy\" decoding=\"async\" class=\"alignnone wp-image-13289 size-thumbnail\" src=\"https:\/\/www.phelippotyves.fr\/site\/wp-content\/uploads\/programme-150x150.jpg\" alt=\"\" width=\"150\" height=\"150\"><\/a><\/p>\n<p>&nbsp;<a href=\"https:\/\/www.phelippotyves.fr\/site\/wp-content\/uploads\/2018\/06\/affiche.jpg\"><img loading=\"lazy\" decoding=\"async\" class=\"alignnone size-thumbnail wp-image-12812\" src=\"https:\/\/www.phelippotyves.fr\/site\/wp-content\/uploads\/2018\/06\/affiche-150x150.jpg\" alt=\"\" width=\"150\" height=\"150\"><\/a> <a href=\"https:\/\/www.phelippotyves.fr\/site\/wp-content\/uploads\/2018\/06\/vernissage.jpg\"><img loading=\"lazy\" decoding=\"async\" class=\"alignnone size-thumbnail wp-image-12815\" src=\"https:\/\/www.phelippotyves.fr\/site\/wp-content\/uploads\/2018\/06\/vernissage-150x150.jpg\" alt=\"\" width=\"150\" height=\"150\"><\/a>&nbsp;<a href=\"https:\/\/www.phelippotyves.fr\/site\/wp-content\/uploads\/2018\/06\/invitation.jpg\"><img loading=\"lazy\" decoding=\"async\" class=\"alignnone size-thumbnail wp-image-12814\" src=\"https:\/\/www.phelippotyves.fr\/site\/wp-content\/uploads\/2018\/06\/invitation-150x150.jpg\" alt=\"\" width=\"150\" height=\"150\"><\/a>&nbsp;<\/p>\n<p><a href=\"https:\/\/www.phelippotyves.fr\/site\/wp-content\/uploads\/2018\/06\/exposants-1.jpg\"><img loading=\"lazy\" decoding=\"async\" class=\"alignnone size-thumbnail wp-image-12816\" src=\"https:\/\/www.phelippotyves.fr\/site\/wp-content\/uploads\/2018\/06\/exposants-1-150x150.jpg\" alt=\"\" width=\"150\" height=\"150\"><\/a><\/p>\n<p><a href=\"https:\/\/www.phelippotyves.fr\/site\/wp-content\/uploads\/2018\/06\/klimt.jpg\"><img loading=\"lazy\" decoding=\"async\" class=\"alignnone size-thumbnail wp-image-12817\" src=\"https:\/\/www.phelippotyves.fr\/site\/wp-content\/uploads\/2018\/06\/klimt-150x150.jpg\" alt=\"\" width=\"150\" height=\"150\"><\/a><\/p>\n<p><strong>Artbook<br \/>\n<\/strong><\/p>\n<p>&nbsp;<a href=\"https:\/\/www.phelippotyves.fr\/site\/wp-content\/uploads\/2018\/06\/artbookcouv.jpg\"><img loading=\"lazy\" decoding=\"async\" class=\"alignnone size-thumbnail wp-image-12818\" src=\"https:\/\/www.phelippotyves.fr\/site\/wp-content\/uploads\/2018\/06\/artbookcouv-150x150.jpg\" alt=\"\" width=\"150\" height=\"150\" srcset=\"https:\/\/www.phelippotyves.fr\/site\/wp-content\/uploads\/2018\/06\/artbookcouv-150x150.jpg 150w, https:\/\/www.phelippotyves.fr\/site\/wp-content\/uploads\/2018\/06\/artbookcouv-500x500.jpg 500w, https:\/\/www.phelippotyves.fr\/site\/wp-content\/uploads\/2018\/06\/artbookcouv-768x768.jpg 768w, https:\/\/www.phelippotyves.fr\/site\/wp-content\/uploads\/2018\/06\/artbookcouv.jpg 800w, https:\/\/www.phelippotyves.fr\/site\/wp-content\/uploads\/2018\/06\/artbookcouv-300x300.jpg 300w\" sizes=\"(max-width: 150px) 100vw, 150px\" \/>&nbsp;<\/a><a href=\"https:\/\/www.phelippotyves.fr\/site\/wp-content\/uploads\/2018\/06\/01-2018-Yves-Phelippot-Artbook-Charentes-2018.jpg\"><img loading=\"lazy\" decoding=\"async\" class=\"alignnone wp-image-12792 size-thumbnail\" src=\"https:\/\/www.phelippotyves.fr\/site\/wp-content\/uploads\/2018\/06\/01-2018-Yves-Phelippot-Artbook-Charentes-2018-150x150.jpg\" alt=\"\" width=\"150\" height=\"150\" srcset=\"https:\/\/www.phelippotyves.fr\/site\/wp-content\/uploads\/2018\/06\/01-2018-Yves-Phelippot-Artbook-Charentes-2018-150x150.jpg 150w, https:\/\/www.phelippotyves.fr\/site\/wp-content\/uploads\/2018\/06\/01-2018-Yves-Phelippot-Artbook-Charentes-2018-500x500.jpg 500w, https:\/\/www.phelippotyves.fr\/site\/wp-content\/uploads\/2018\/06\/01-2018-Yves-Phelippot-Artbook-Charentes-2018-768x768.jpg 768w, https:\/\/www.phelippotyves.fr\/site\/wp-content\/uploads\/2018\/06\/01-2018-Yves-Phelippot-Artbook-Charentes-2018.jpg 800w, https:\/\/www.phelippotyves.fr\/site\/wp-content\/uploads\/2018\/06\/01-2018-Yves-Phelippot-Artbook-Charentes-2018-300x300.jpg 300w\" sizes=\"(max-width: 150px) 100vw, 150px\" \/><\/a><\/p>\n<p><strong>S\u00e9rie 2018<br \/>\n<\/strong><\/p>\n<p><a href=\"https:\/\/www.phelippotyves.fr\/site\/fictions\"><img loading=\"lazy\" decoding=\"async\" class=\"alignnone size-thumbnail wp-image-12825\" src=\"https:\/\/www.phelippotyves.fr\/site\/wp-content\/uploads\/2018\/06\/fictions-150x143.jpg\" alt=\"\" width=\"150\" height=\"143\">&nbsp;<\/a><a href=\"https:\/\/www.phelippotyves.fr\/site\/carnaval-de-venise-2018\"><img loading=\"lazy\" decoding=\"async\" class=\"alignnone size-thumbnail wp-image-12827\" src=\"https:\/\/www.phelippotyves.fr\/site\/wp-content\/uploads\/2018\/06\/venise2018-150x143.jpg\" alt=\"\" width=\"150\" height=\"143\"><\/a><\/p>\n<h2><strong>2017<\/strong><\/h2>\n<p><strong>S\u00e9ries 2017<br \/>\n<\/strong><\/p>\n<p><a href=\"https:\/\/www.phelippotyves.fr\/site\/archanges-combattants\"><img loading=\"lazy\" decoding=\"async\" class=\"alignnone size-thumbnail wp-image-12822\" src=\"https:\/\/www.phelippotyves.fr\/site\/wp-content\/uploads\/2018\/06\/archangesvi-150x143.jpg\" alt=\"\" width=\"150\" height=\"143\"><\/a>&nbsp;<a href=\"https:\/\/www.phelippotyves.fr\/2017\/fiction_du_regard_2017\/fictionduregard.html\" target=\"_blank\" rel=\"noopener noreferrer\"><img loading=\"lazy\" decoding=\"async\" class=\"alignnone wp-image-11382 size-thumbnail\" src=\"https:\/\/www.phelippotyves.fr\/site\/wp-content\/uploads\/2010\/08\/fictionduregard-150x143.jpg\" alt=\"\" width=\"150\" height=\"143\"><\/a> <a href=\"https:\/\/www.phelippotyves.fr\/2017\/front_de_mer_2017\/frontdemer.html\" target=\"_blank\" rel=\"noopener noreferrer\"><img loading=\"lazy\" decoding=\"async\" class=\"alignnone wp-image-11383 size-thumbnail\" src=\"https:\/\/www.phelippotyves.fr\/site\/wp-content\/uploads\/2010\/08\/frontdemer-150x143.jpg\" alt=\"\" width=\"150\" height=\"143\"> <\/a><\/p>\n<p><strong>Expositions juillet 2017<\/strong><\/p>\n<p><a href=\"https:\/\/www.phelippotyves.fr\/site\/wp-content\/uploads\/2010\/08\/2017-07-Art-Book.jpg\"><img loading=\"lazy\" decoding=\"async\" class=\"alignnone size-thumbnail wp-image-11376\" src=\"https:\/\/www.phelippotyves.fr\/site\/wp-content\/uploads\/2010\/08\/2017-07-Art-Book-150x150.jpg\" alt=\"\" width=\"150\" height=\"150\"><\/a> <a href=\"https:\/\/www.phelippotyves.fr\/site\/wp-content\/uploads\/2010\/08\/2017-07-flyer-recto-St-Auvent-2017-07.jpg\"><img loading=\"lazy\" decoding=\"async\" class=\"alignnone size-thumbnail wp-image-11377\" src=\"https:\/\/www.phelippotyves.fr\/site\/wp-content\/uploads\/2010\/08\/2017-07-flyer-recto-St-Auvent-2017-07-150x150.jpg\" alt=\"\" width=\"150\" height=\"150\"><\/a> <a href=\"https:\/\/www.phelippotyves.fr\/site\/wp-content\/uploads\/2010\/08\/2017-07-invitation-recto-St-Auvent-2017-07.jpg\"><img loading=\"lazy\" decoding=\"async\" class=\"alignnone size-thumbnail wp-image-11378\" src=\"https:\/\/www.phelippotyves.fr\/site\/wp-content\/uploads\/2010\/08\/2017-07-invitation-recto-St-Auvent-2017-07-150x150.jpg\" alt=\"\" width=\"150\" height=\"150\"><\/a><\/p>\n<p><a href=\"https:\/\/www.phelippotyves.fr\/site\/wp-content\/uploads\/2010\/08\/2017-07-PHELIPPOT_E_4-St-Auvent-page-catalogue.pdf\" target=\"_blank\" rel=\"noopener noreferrer\">Catalogue Saint Auvent<\/a> et <a href=\"https:\/\/www.phelippotyves.fr\/site\/wp-content\/uploads\/2010\/08\/2017-07-YPH-St-Auvent-2017-07-verso-du-carton-dinvitation.pdf\" target=\"_blank\" rel=\"noopener noreferrer\">Carton vernissage Saint Auvent<\/a><\/p>\n<p><strong>Expositions juin 2017<\/strong><\/p>\n<p><a href=\"https:\/\/www.phelippotyves.fr\/site\/wp-content\/uploads\/2010\/08\/2017-06-MLART-2017-invitation.jpg\"><img loading=\"lazy\" decoding=\"async\" class=\"alignnone size-thumbnail wp-image-11366\" src=\"https:\/\/www.phelippotyves.fr\/site\/wp-content\/uploads\/2010\/08\/2017-06-MLART-2017-invitation-150x150.jpg\" alt=\"\" width=\"150\" height=\"150\"><\/a> <a href=\"https:\/\/www.phelippotyves.fr\/site\/wp-content\/uploads\/2010\/08\/2017-06-MLART-2017-invitation-2.jpg\"><img loading=\"lazy\" decoding=\"async\" class=\"alignnone size-thumbnail wp-image-11367\" src=\"https:\/\/www.phelippotyves.fr\/site\/wp-content\/uploads\/2010\/08\/2017-06-MLART-2017-invitation-2-150x150.jpg\" alt=\"\" width=\"150\" height=\"150\"><\/a> <a href=\"https:\/\/www.phelippotyves.fr\/site\/wp-content\/uploads\/2010\/08\/2017-06-image-terrain-de-JE-collectif-E2A-projet-2017.jpg\"><img loading=\"lazy\" decoding=\"async\" class=\"alignnone size-thumbnail wp-image-11370\" src=\"https:\/\/www.phelippotyves.fr\/site\/wp-content\/uploads\/2010\/08\/2017-06-image-terrain-de-JE-collectif-E2A-projet-2017-150x150.jpg\" alt=\"\" width=\"150\" height=\"150\"><\/a><\/p>\n<p><a href=\"https:\/\/www.phelippotyves.fr\/site\/wp-content\/uploads\/2010\/08\/2017-06-Chom\u00e9rac-UPJ-2017-06.jpg\"><img loading=\"lazy\" decoding=\"async\" class=\"alignnone size-thumbnail wp-image-11371\" src=\"https:\/\/www.phelippotyves.fr\/site\/wp-content\/uploads\/2010\/08\/2017-06-Chom\u00e9rac-UPJ-2017-06-150x150.jpg\" alt=\"\" width=\"150\" height=\"150\">&nbsp;<\/a><a href=\"https:\/\/www.phelippotyves.fr\/site\/wp-content\/uploads\/2010\/08\/2017-06-photos-YPH-Chomerac-2017-06.jpg\"><img loading=\"lazy\" decoding=\"async\" class=\"alignnone size-thumbnail wp-image-11372\" src=\"https:\/\/www.phelippotyves.fr\/site\/wp-content\/uploads\/2010\/08\/2017-06-photos-YPH-Chomerac-2017-06-150x150.jpg\" alt=\"\" width=\"150\" height=\"150\" srcset=\"https:\/\/www.phelippotyves.fr\/site\/wp-content\/uploads\/2010\/08\/2017-06-photos-YPH-Chomerac-2017-06-150x150.jpg 150w, https:\/\/www.phelippotyves.fr\/site\/wp-content\/uploads\/2010\/08\/2017-06-photos-YPH-Chomerac-2017-06-500x500.jpg 500w, https:\/\/www.phelippotyves.fr\/site\/wp-content\/uploads\/2010\/08\/2017-06-photos-YPH-Chomerac-2017-06-768x768.jpg 768w, https:\/\/www.phelippotyves.fr\/site\/wp-content\/uploads\/2010\/08\/2017-06-photos-YPH-Chomerac-2017-06-800x800.jpg 800w, https:\/\/www.phelippotyves.fr\/site\/wp-content\/uploads\/2010\/08\/2017-06-photos-YPH-Chomerac-2017-06-300x300.jpg 300w, https:\/\/www.phelippotyves.fr\/site\/wp-content\/uploads\/2010\/08\/2017-06-photos-YPH-Chomerac-2017-06.jpg 900w\" sizes=\"(max-width: 150px) 100vw, 150px\" \/><\/a><\/p>\n<p><strong>Janvier 2017<br \/>\n<\/strong><\/p>\n<p><a href=\"https:\/\/www.phelippotyves.fr\/site\/wp-content\/uploads\/2010\/08\/2017-01-Art-Book-2017-01-page-YPH.jpg\"><img loading=\"lazy\" decoding=\"async\" class=\"alignnone size-thumbnail wp-image-11364\" src=\"https:\/\/www.phelippotyves.fr\/site\/wp-content\/uploads\/2010\/08\/2017-01-Art-Book-2017-01-page-YPH-150x150.jpg\" alt=\"\" width=\"150\" height=\"150\"><\/a><\/p>\n<h2><strong>2016<\/strong><\/h2>\n<p><strong>Exposition ao\u00fbt 2016<\/strong><\/p>\n<p><a href=\"https:\/\/www.phelippotyves.fr\/site\/wp-content\/uploads\/2010\/08\/2016-08-Grands-Formats-17-28-Aout-2016.png\"><img loading=\"lazy\" decoding=\"async\" class=\"alignnone size-thumbnail wp-image-11362\" src=\"https:\/\/www.phelippotyves.fr\/site\/wp-content\/uploads\/2010\/08\/2016-08-Grands-Formats-17-28-Aout-2016-150x150.png\" alt=\"\" width=\"150\" height=\"150\"><\/a><\/p>\n<p><strong>Exposition juillet 2016<\/strong><\/p>\n<p><a href=\"https:\/\/www.phelippotyves.fr\/site\/wp-content\/uploads\/2010\/08\/2016-07-StAuvent-1920px.jpg\"><img loading=\"lazy\" decoding=\"async\" class=\"alignnone size-thumbnail wp-image-11359\" src=\"https:\/\/www.phelippotyves.fr\/site\/wp-content\/uploads\/2010\/08\/2016-07-StAuvent-1920px-150x150.jpg\" alt=\"\" width=\"150\" height=\"150\"><\/a><\/p>\n<p><a href=\"https:\/\/www.phelippotyves.fr\/site\/wp-content\/uploads\/2010\/08\/2016-07-Phelippot_21-St-Auvent-page-catalogue.pdf\" target=\"_blank\" rel=\"noopener noreferrer\">Catalogue Saint Auvent<\/a><\/p>\n<p><strong>Expositions juin 2016<\/strong><\/p>\n<p><a href=\"https:\/\/www.phelippotyves.fr\/site\/wp-content\/uploads\/2010\/08\/2016-06-st-martin001-MLART.jpg\"><img loading=\"lazy\" decoding=\"async\" class=\"alignnone size-thumbnail wp-image-11357\" src=\"https:\/\/www.phelippotyves.fr\/site\/wp-content\/uploads\/2010\/08\/2016-06-st-martin001-MLART-150x150.jpg\" alt=\"\" width=\"150\" height=\"150\">&nbsp;<\/a><a href=\"https:\/\/www.phelippotyves.fr\/site\/wp-content\/uploads\/2010\/08\/2016-06-st-martin002-MLART.jpg\"><img loading=\"lazy\" decoding=\"async\" class=\"alignnone size-thumbnail wp-image-11356\" src=\"https:\/\/www.phelippotyves.fr\/site\/wp-content\/uploads\/2010\/08\/2016-06-st-martin002-MLART-150x150.jpg\" alt=\"\" width=\"150\" height=\"150\"><\/a><a href=\"https:\/\/www.phelippotyves.fr\/site\/wp-content\/uploads\/2010\/08\/2016-06-st-martin001-MLART.jpg\">&nbsp;<\/a><a href=\"https:\/\/www.phelippotyves.fr\/site\/wp-content\/uploads\/2010\/08\/2016-06-E2A-St-Martin-de-Re-2016-06.jpg\"><img loading=\"lazy\" decoding=\"async\" class=\"alignnone size-thumbnail wp-image-11354\" src=\"https:\/\/www.phelippotyves.fr\/site\/wp-content\/uploads\/2010\/08\/2016-06-E2A-St-Martin-de-Re-2016-06-150x150.jpg\" alt=\"\" width=\"150\" height=\"150\"><\/a><\/p>\n<p><a href=\"https:\/\/www.phelippotyves.fr\/site\/wp-content\/uploads\/2010\/08\/flyer-E2A-2016-YPH.jpg\"><img loading=\"lazy\" decoding=\"async\" class=\"alignnone wp-image-10006 size-thumbnail\" src=\"https:\/\/www.phelippotyves.fr\/site\/wp-content\/uploads\/2010\/08\/flyer-E2A-2016-YPH-150x150.jpg\" alt=\"flyer E2A-2016-YPH\" width=\"150\" height=\"150\"><\/a><a href=\"https:\/\/www.phelippotyves.fr\/site\/wp-content\/uploads\/2010\/08\/triple-flyer-E2A-R\u00e9-wYPH.jpg\">&nbsp; <img loading=\"lazy\" decoding=\"async\" class=\"alignnone wp-image-10007 size-thumbnail\" src=\"https:\/\/www.phelippotyves.fr\/site\/wp-content\/uploads\/2010\/08\/triple-flyer-E2A-R\u00e9-wYPH-150x150.jpg\" alt=\"triple-flyer-E2A-R\u00e9-wYPH\" width=\"150\" height=\"150\"><\/a><\/p>\n<p><strong>S\u00e9ries 2016<\/strong><\/p>\n<p><a href=\"https:\/\/www.phelippotyves.fr\/site\/carnaval-de-venise-2016\"><img loading=\"lazy\" decoding=\"async\" class=\"alignnone size-thumbnail wp-image-12824\" src=\"https:\/\/www.phelippotyves.fr\/site\/wp-content\/uploads\/2018\/06\/venise2016-150x143.jpg\" alt=\"\" width=\"150\" height=\"143\"><\/a><\/p>\n<h2><strong>2015<\/strong><\/h2>\n<p><strong>S\u00e9ries 2015<\/strong><\/p>\n<p><a href=\"https:\/\/www.phelippotyves.fr\/site\/le-sud\"><img loading=\"lazy\" decoding=\"async\" class=\"alignnone wp-image-9935 size-full\" src=\"https:\/\/www.phelippotyves.fr\/site\/wp-content\/uploads\/2010\/08\/vignette-LE-SUD.jpg\" alt=\"vignette-LE SUD\" width=\"150\" height=\"143\"><\/a><\/p>\n<p><a href=\"https:\/\/www.phelippotyves.fr\/site\/wp-content\/uploads\/2016\/05\/Petite-Histoire-de-la-photo.pdf\" target=\"_blank\" rel=\"noopener noreferrer\"><strong>Petite histoire de la photographie (pdf)<\/strong><\/a><\/p>\n<h2><strong>2014<\/strong><\/h2>\n<p><strong>S\u00e9ries 2014<\/strong><\/p>\n<p><a href=\"https:\/\/www.phelippotyves.fr\/java\/pages_internet\/pages_operas\/opera.htm\" target=\"_blank\" rel=\"noopener noreferrer\"><strong>Les op\u00e9ras photographiques europ\u00e9ens<\/strong><\/a><\/p>\n<p><a href=\"https:\/\/www.phelippotyves.fr\/2014\/images_en_expansion\/images_en_expansion.html\" target=\"_blank\" rel=\"noopener noreferrer\"><img loading=\"lazy\" decoding=\"async\" class=\"alignleft wp-image-7626\" src=\"https:\/\/www.phelippotyves.fr\/site\/wp-content\/uploads\/2010\/08\/images_en_expansion.jpg\" alt=\"alpes\" width=\"200\" height=\"95\"><\/a> <a href=\"https:\/\/www.phelippotyves.fr\/2014\/alpes\/alpes.html\" target=\"_blank\" rel=\"noopener noreferrer\"><img loading=\"lazy\" decoding=\"async\" class=\"alignleft wp-image-7627\" src=\"https:\/\/www.phelippotyves.fr\/site\/wp-content\/uploads\/2010\/08\/alpes.jpg\" alt=\"images_en_expansion\" width=\"200\" height=\"95\"><\/a> <a href=\"https:\/\/www.phelippotyves.fr\/2014\/normandie\/normandie.html\" target=\"_blank\" rel=\"noopener noreferrer\"><img loading=\"lazy\" decoding=\"async\" class=\"alignleft wp-image-7628\" src=\"https:\/\/www.phelippotyves.fr\/site\/wp-content\/uploads\/2010\/08\/normandie.jpg\" alt=\"normandie\" width=\"200\" height=\"95\"><\/a> <a href=\"https:\/\/www.phelippotyves.fr\/2014\/region\/region.html\" target=\"_blank\" rel=\"noopener noreferrer\"><img loading=\"lazy\" decoding=\"async\" class=\"alignleft wp-image-7632\" src=\"https:\/\/www.phelippotyves.fr\/site\/wp-content\/uploads\/2010\/08\/paysages.jpg\" alt=\"paysages\" width=\"200\" height=\"95\"><\/a> <a href=\"https:\/\/www.phelippotyves.fr\/2014\/rome\/rome.html\" target=\"_blank\" rel=\"noopener noreferrer\"><img loading=\"lazy\" decoding=\"async\" class=\"alignleft wp-image-7633\" src=\"https:\/\/www.phelippotyves.fr\/site\/wp-content\/uploads\/2010\/08\/rome.jpg\" alt=\"rome\" width=\"200\" height=\"95\"><\/a> <a href=\"https:\/\/www.phelippotyves.fr\/2014\/trains\/trains.html\" target=\"_blank\" rel=\"noopener noreferrer\"><img loading=\"lazy\" decoding=\"async\" class=\"alignleft wp-image-7634\" src=\"https:\/\/www.phelippotyves.fr\/site\/wp-content\/uploads\/2010\/08\/trains.jpg\" alt=\"trains\" width=\"200\" height=\"95\"><\/a> <a href=\"https:\/\/www.phelippotyves.fr\/2014\/vatican\/vatican.html\" target=\"_blank\" rel=\"noopener noreferrer\"><img loading=\"lazy\" decoding=\"async\" class=\"alignleft wp-image-7635\" src=\"https:\/\/www.phelippotyves.fr\/site\/wp-content\/uploads\/2010\/08\/vatican.jpg\" alt=\"vatican\" width=\"200\" height=\"95\"><\/a><br \/>\n<a href=\"https:\/\/www.phelippotyves.fr\/2014\/venezia\/venezia01.html\" target=\"_blank\" rel=\"noopener noreferrer\"><img loading=\"lazy\" decoding=\"async\" class=\"alignleft wp-image-7636\" src=\"https:\/\/www.phelippotyves.fr\/site\/wp-content\/uploads\/2010\/08\/venise01.jpg\" alt=\"venise01\" width=\"200\" height=\"95\"><\/a> <a href=\"https:\/\/www.phelippotyves.fr\/2014\/venezia\/venezia02.html\" target=\"_blank\" rel=\"noopener noreferrer\"><img loading=\"lazy\" decoding=\"async\" class=\"alignleft wp-image-7637\" src=\"https:\/\/www.phelippotyves.fr\/site\/wp-content\/uploads\/2010\/08\/venise02.jpg\" alt=\"venise02\" width=\"200\" height=\"95\"><\/a><\/p>\n<p>&nbsp;<\/p>\n<p>&nbsp;<\/p>\n<p>&nbsp;<\/p>\n<p>&nbsp;<\/p>\n<p>&nbsp;<\/p>\n<p>&nbsp;<\/p>\n<p>&nbsp;<\/p>\n<p>&nbsp;<\/p>\n<p>&nbsp;<\/p>\n<p>&nbsp;<\/p>\n<p>&nbsp;<\/p>\n<p>&nbsp;<\/p>\n<p><a href=\"https:\/\/www.phelippotyves.fr\/2014\/marchands_venise\/marchands_venise.html\" target=\"_blank\" rel=\"noopener noreferrer\"><img loading=\"lazy\" decoding=\"async\" class=\"wp-image-7680 size-full alignnone\" src=\"https:\/\/www.phelippotyves.fr\/site\/wp-content\/uploads\/2010\/08\/vignette-les-marchands-du-temple-2014.jpg\" alt=\"vignette-les marchands du temple-2014\" width=\"150\" height=\"143\"><\/a> <a href=\"https:\/\/www.phelippotyves.fr\/site\/carnaval-venise-2014\"><img loading=\"lazy\" decoding=\"async\" class=\"alignnone size-full wp-image-7917\" src=\"https:\/\/www.phelippotyves.fr\/site\/wp-content\/uploads\/2010\/08\/vignette-Carnaval-2014.jpg\" alt=\"vignette-Carnaval 2014\" width=\"150\" height=\"143\"><\/a><\/p>\n<p><strong>Septembre 2014<\/strong><\/p>\n<p><a href=\"https:\/\/www.phelippotyves.fr\/site\/wp-content\/uploads\/2014\/09\/art-\u00e0-lair.jpg\"><img loading=\"lazy\" decoding=\"async\" class=\"alignnone wp-image-7518 size-full\" src=\"https:\/\/www.phelippotyves.fr\/site\/wp-content\/uploads\/2010\/08\/art-\u00e0-lair-e1410982282566.jpg\" alt=\"art \u00e0 l'air\" width=\"106\" height=\"150\"><\/a>&nbsp;<a href=\"https:\/\/www.phelippotyves.fr\/site\/wp-content\/uploads\/2014\/09\/cartel-02.jpg\"><img loading=\"lazy\" decoding=\"async\" class=\"alignnone wp-image-7516 size-full\" src=\"https:\/\/www.phelippotyves.fr\/site\/wp-content\/uploads\/2010\/08\/cartel-02-e1410982059604.jpg\" alt=\"cartel 02\" width=\"213\" height=\"150\"><\/a>&nbsp;<a href=\"https:\/\/www.phelippotyves.fr\/site\/wp-content\/uploads\/2014\/09\/cartel-01.jpg\"><img loading=\"lazy\" decoding=\"async\" class=\"alignnone wp-image-7515 size-full\" src=\"https:\/\/www.phelippotyves.fr\/site\/wp-content\/uploads\/2010\/08\/cartel-01-e1410981985639.jpg\" alt=\"cartel 01\" width=\"213\" height=\"150\"><\/a><\/p>\n<p><a href=\"https:\/\/www.phelippotyves.fr\/site\/voyages-photographiques\" target=\"\" rel=\"noopener noreferrer\"><img loading=\"lazy\" decoding=\"async\" src=\"https:\/\/www.phelippotyves.fr\/site\/wp-content\/uploads\/image\/voyages photographiques\/rocheuses\/usa.jpg\" alt=\"\" width=\"150\" height=\"143\"><\/a>&nbsp; <a href=\"https:\/\/www.phelippotyves.fr\/site\/web-installations\"><img loading=\"lazy\" decoding=\"async\" src=\"https:\/\/www.phelippotyves.fr\/site\/wp-content\/uploads\/image\/actualite\/vignette installations.jpg\" alt=\"\" width=\"150\" height=\"143\"><\/a> <a href=\"https:\/\/www.phelippotyves.fr\/site\/mondial-air-ballon\"><img loading=\"lazy\" decoding=\"async\" src=\"https:\/\/www.phelippotyves.fr\/site\/wp-content\/uploads\/image\/actualite\/vignette MAB-2011.jpg\" alt=\"\" width=\"150\" height=\"143\"><\/a><\/p>\n<p><a href=\"https:\/\/www.phelippotyves.fr\/actu\/berlin.html\" target=\"_blank\" rel=\"noopener noreferrer\"><img loading=\"lazy\" decoding=\"async\" class=\"alignnone size-full wp-image-4175\" title=\"vignette Berlin l'aventure du regard\" src=\"https:\/\/www.phelippotyves.fr\/site\/wp-content\/uploads\/2010\/08\/vignette-Berlin-laventure-du-regard.jpg\" alt=\"\" width=\"150\" height=\"143\"><\/a><a href=\"https:\/\/www.phelippotyves.fr\/actu\/memoriale.html\" target=\"_blank\" rel=\"noopener noreferrer\"><img loading=\"lazy\" decoding=\"async\" class=\"alignnone size-full wp-image-4192\" title=\"Carnaval Populaire\" src=\"https:\/\/www.phelippotyves.fr\/site\/wp-content\/uploads\/2010\/08\/Carnaval-Populaire.jpg\" alt=\"\" width=\"150\" height=\"143\"><\/a> <a href=\"https:\/\/www.phelippotyves.fr\/site\/venise\/biennale-de-venise\"><img loading=\"lazy\" decoding=\"async\" src=\"https:\/\/www.phelippotyves.fr\/site\/wp-content\/uploads\/image\/venise\/vignette Burano cubiste.jpg\" alt=\"\" width=\"150\" height=\"143\"><\/a><strong>&nbsp;<\/strong><br \/>\n<a href=\"https:\/\/www.phelippotyves.fr\/site\/prague-lascension-baroque\" target=\"\" rel=\"noopener noreferrer\"><img loading=\"lazy\" decoding=\"async\" src=\"https:\/\/www.phelippotyves.fr\/site\/wp-content\/uploads\/image\/actualite\/vignette Prague baroque.jpg\" alt=\"\" width=\"150\" height=\"143\"><\/a><br \/>\n<span style=\"font-weight: bold;\"><br \/>\n<\/span><\/p>\n","protected":false},"excerpt":{"rendered":"<p>Abonnez-vous \u00e0 &#8220;une image par jour&#8221; 2021 Interview sur RCF Radio du 04 juin 2019 &#8211; 2020 \ufeff\ufeff &nbsp; 2017 &#8211; 2018 Expositions de juin \u00e0 septembre 2018 &nbsp;&nbsp; &nbsp; &nbsp;&nbsp; Artbook &nbsp;&nbsp; S\u00e9rie 2018 &nbsp; 2017 S\u00e9ries 2017 &nbsp; &hellip; <a href=\"https:\/\/www.phelippotyves.fr\/site\/\">Lire la suite <span class=\"meta-nav\">&rarr;<\/span><\/a><\/p>\n","protected":false},"author":8,"featured_media":0,"parent":0,"menu_order":0,"comment_status":"open","ping_status":"open","template":"","meta":{"footnotes":""},"_links":{"self":[{"href":"https:\/\/www.phelippotyves.fr\/site\/wp-json\/wp\/v2\/pages\/819"}],"collection":[{"href":"https:\/\/www.phelippotyves.fr\/site\/wp-json\/wp\/v2\/pages"}],"about":[{"href":"https:\/\/www.phelippotyves.fr\/site\/wp-json\/wp\/v2\/types\/page"}],"author":[{"embeddable":true,"href":"https:\/\/www.phelippotyves.fr\/site\/wp-json\/wp\/v2\/users\/8"}],"replies":[{"embeddable":true,"href":"https:\/\/www.phelippotyves.fr\/site\/wp-json\/wp\/v2\/comments?post=819"}],"version-history":[{"count":22,"href":"https:\/\/www.phelippotyves.fr\/site\/wp-json\/wp\/v2\/pages\/819\/revisions"}],"predecessor-version":[{"id":17440,"href":"https:\/\/www.phelippotyves.fr\/site\/wp-json\/wp\/v2\/pages\/819\/revisions\/17440"}],"wp:attachment":[{"href":"https:\/\/www.phelippotyves.fr\/site\/wp-json\/wp\/v2\/media?parent=819"}],"curies":[{"name":"wp","href":"https:\/\/api.w.org\/{rel}","templated":true}]}}