{"id":861,"date":"2010-08-02T21:14:11","date_gmt":"2010-08-02T19:14:11","guid":{"rendered":"https:\/\/www.phelippotyves.fr\/site\/?page_id=861"},"modified":"2016-06-11T14:34:21","modified_gmt":"2016-06-11T12:34:21","slug":"expositions-guerre-et-paix","status":"publish","type":"page","link":"https:\/\/www.phelippotyves.fr\/site\/expositions-guerre-et-paix","title":{"rendered":"Expositions Guerre et Paix"},"content":{"rendered":"<p style=\"text-align: center;\"><strong><span style=\"color: #000000;\">GUERRE ET PAIX<\/span><\/strong><\/p>\n<p style=\"text-align: center;\"><img loading=\"lazy\" decoding=\"async\" src=\"https:\/\/www.phelippotyves.fr\/site\/wp-content\/uploads\/image\/creations\/g1.jpg\" alt=\"\" width=\"450\" height=\"309\" \/><\/p>\n<p style=\"text-align: justify;\">\u00ab Guerre et Paix \u00bb est un travail sur l\u2019appropriation des images du monde m\u00e9diatique, leur voyage \u00e0 travers la m\u00e9moire et leur restitution marqu\u00e9e du sceau de l\u2019imaginaire. A partir de photogrammes de films et de documentaires contemporains explorant le monde de la violence politique sur les diff\u00e9rents continents \u00e0 la fin du XX\u00e8me si\u00e8cle, la mise en ab\u00eeme des images et des sous-titres arr\u00eate la fuite du temps, met en perspective ces fragments arrach\u00e9s \u00e0 l\u2019oubli, et suscite l\u2019\u00e9mergence d\u2019une histoire critique d\u2019un pass\u00e9 proche. L\u2019irruption des mots au milieu des images entra\u00eene une d\u00e9rive du sens , \u00e9vite une banalisation si commune de nos jours , introduit une ambigu\u00eft\u00e9 qui \u00e9carte l\u2019obsession du \u00ab relationnel \u00bb source de l\u2019usure de la langue. Soit les images font basculer le sens des mots, soit les mots se rechargent de sens au contact des images. Ainsi na\u00eet une interaction o\u00f9 les photos avec leur force expressive sugg\u00e8rent une nouvelle syntaxe qui rebondit sur la puissance des mots. Echos multiples qui s\u2019ouvrent \u00e0 un langage en construction , seul capable d\u2019apporter un d\u00e9but de r\u00e9ponse \u00e0 la question lancinante qui court tout au long de la s\u00e9rie \u00ab Guerre et Paix \u00bb : pourquoi la paix a-t-elle besoin du traumatisme de la guerre pour se construire ? L\u2019exp\u00e9rience des ab\u00eemes humains est-elle indispensable \u00e0 toute paix ?<br \/>\nYves Phelippot<\/p>\n<p><a href=\"https:\/\/www.phelippotyves.fr\/pagesguerre\/guerreetpaix.html\" target=\"_blank\">Voir la galerie Guerre et Paix<br \/>\n<\/a><\/p>\n","protected":false},"excerpt":{"rendered":"<p>GUERRE ET PAIX \u00ab Guerre et Paix \u00bb est un travail sur l\u2019appropriation des images du monde m\u00e9diatique, leur voyage \u00e0 travers la m\u00e9moire et leur restitution marqu\u00e9e du sceau de l\u2019imaginaire. A partir de photogrammes de films et de &hellip; <a href=\"https:\/\/www.phelippotyves.fr\/site\/expositions-guerre-et-paix\">Lire la suite <span class=\"meta-nav\">&rarr;<\/span><\/a><\/p>\n","protected":false},"author":8,"featured_media":0,"parent":0,"menu_order":0,"comment_status":"open","ping_status":"open","template":"","meta":{"footnotes":""},"_links":{"self":[{"href":"https:\/\/www.phelippotyves.fr\/site\/wp-json\/wp\/v2\/pages\/861"}],"collection":[{"href":"https:\/\/www.phelippotyves.fr\/site\/wp-json\/wp\/v2\/pages"}],"about":[{"href":"https:\/\/www.phelippotyves.fr\/site\/wp-json\/wp\/v2\/types\/page"}],"author":[{"embeddable":true,"href":"https:\/\/www.phelippotyves.fr\/site\/wp-json\/wp\/v2\/users\/8"}],"replies":[{"embeddable":true,"href":"https:\/\/www.phelippotyves.fr\/site\/wp-json\/wp\/v2\/comments?post=861"}],"version-history":[{"count":0,"href":"https:\/\/www.phelippotyves.fr\/site\/wp-json\/wp\/v2\/pages\/861\/revisions"}],"wp:attachment":[{"href":"https:\/\/www.phelippotyves.fr\/site\/wp-json\/wp\/v2\/media?parent=861"}],"curies":[{"name":"wp","href":"https:\/\/api.w.org\/{rel}","templated":true}]}}