{"id":867,"date":"2010-08-02T21:24:19","date_gmt":"2010-08-02T19:24:19","guid":{"rendered":"https:\/\/www.phelippotyves.fr\/site\/?page_id=867"},"modified":"2016-06-11T14:36:36","modified_gmt":"2016-06-11T12:36:36","slug":"les-murs-peints","status":"publish","type":"page","link":"https:\/\/www.phelippotyves.fr\/site\/les-murs-peints","title":{"rendered":"Les murs peints"},"content":{"rendered":"<p style=\"text-align: center;\"><span style=\"color: #000000;\"><strong>LES MURS PEINTS DE LA VILLE EN BOIS<br \/>\n1971 &#8211; 1994<br \/>\n<\/strong><\/span><\/p>\n<p style=\"text-align: center;\"><img loading=\"lazy\" decoding=\"async\" src=\"https:\/\/www.phelippotyves.fr\/site\/wp-content\/uploads\/image\/creations\/g2.jpg\" alt=\"\" width=\"197\" height=\"300\" \/><\/p>\n<p style=\"text-align: justify;\">Des fossiles de l\u2019ancien bassin des chalutiers, qui ont disparu de notre pr\u00e9sent. C\u2019est cela que nous invite \u00e0 regarder Yves Phelippot dans ce lieu qui fut renforc\u00e9 par les Allemands (un blockhaus se trouve tout pr\u00e8s, en haut du plan inclin\u00e9) et qui est le slip d\u2019entretien des bateaux de p\u00eache. Dans ces coups de rouleaux \u00e0 tr\u00e8s longs manches que les peintres de bateaux ont laiss\u00e9s l\u00e0 depuis la guerre et qu\u2019il nous donne \u00e0 voir aujourd\u2019hui avec ses photos\u2026.<br \/>\nLe photographe nous livre ce qu\u2019il voit avec son \u0153il d\u2019arch\u00e9ologue, cet endroit qui est toujours le m\u00eame et toujours autre. Selon le moment de la journ\u00e9e. Selon la saison. Selon la p\u00e9riode.\u2026Yves Phelippot nous rappelle \u00e0 une r\u00e9alit\u00e9 , maintenant d\u00e9truite \u2026 Nous voyageons avec lui de 1971 \u00e0 1994, selon des p\u00e9riodes bleues, ou vertes, ou rouges&#8230;. De purs miracles. Quoi qu\u2019il en soit, il nous ram\u00e8ne \u00e0 la mat\u00e9rialit\u00e9. A ce lieu dont il nous dit qu\u2019il \u00e9claboussait de couleurs. Et quand il parle des \u00e9paisseurs \u00e9normes de peinture qui se d\u00e9tachaient, on les voit, l\u00e0, en train de tomber. Sous nos yeux.<br \/>\nDepuis, le Mus\u00e9e Maritime a remplac\u00e9 les murs peints par de banals grillages.<\/p>\n<p>D\u2019apr\u00e8s Denis Montebello<\/p>\n<p style=\"text-align: justify;\"><a class=\"element_main\" href=\"https:\/\/www.phelippotyves.fr\/pagesmurs\/murs.html\" target=\"_blank\">Voir la galerie des murs peints<\/a><\/p>\n","protected":false},"excerpt":{"rendered":"<p>LES MURS PEINTS DE LA VILLE EN BOIS 1971 &#8211; 1994 Des fossiles de l\u2019ancien bassin des chalutiers, qui ont disparu de notre pr\u00e9sent. C\u2019est cela que nous invite \u00e0 regarder Yves Phelippot dans ce lieu qui fut renforc\u00e9 par &hellip; <a href=\"https:\/\/www.phelippotyves.fr\/site\/les-murs-peints\">Lire la suite <span class=\"meta-nav\">&rarr;<\/span><\/a><\/p>\n","protected":false},"author":8,"featured_media":0,"parent":0,"menu_order":0,"comment_status":"open","ping_status":"open","template":"","meta":{"footnotes":""},"_links":{"self":[{"href":"https:\/\/www.phelippotyves.fr\/site\/wp-json\/wp\/v2\/pages\/867"}],"collection":[{"href":"https:\/\/www.phelippotyves.fr\/site\/wp-json\/wp\/v2\/pages"}],"about":[{"href":"https:\/\/www.phelippotyves.fr\/site\/wp-json\/wp\/v2\/types\/page"}],"author":[{"embeddable":true,"href":"https:\/\/www.phelippotyves.fr\/site\/wp-json\/wp\/v2\/users\/8"}],"replies":[{"embeddable":true,"href":"https:\/\/www.phelippotyves.fr\/site\/wp-json\/wp\/v2\/comments?post=867"}],"version-history":[{"count":0,"href":"https:\/\/www.phelippotyves.fr\/site\/wp-json\/wp\/v2\/pages\/867\/revisions"}],"wp:attachment":[{"href":"https:\/\/www.phelippotyves.fr\/site\/wp-json\/wp\/v2\/media?parent=867"}],"curies":[{"name":"wp","href":"https:\/\/api.w.org\/{rel}","templated":true}]}}