{"id":884,"date":"2010-08-02T21:56:36","date_gmt":"2010-08-02T19:56:36","guid":{"rendered":"https:\/\/www.phelippotyves.fr\/site\/?page_id=884"},"modified":"2020-04-13T20:42:15","modified_gmt":"2020-04-13T18:42:15","slug":"venise","status":"publish","type":"page","link":"https:\/\/www.phelippotyves.fr\/site\/venise","title":{"rendered":"Venise"},"content":{"rendered":"<p><span style=\"color: #000000;\"><strong>Le carnaval de Venise<\/strong><\/span><\/p>\n<p><strong>Ann\u00e9e 2020<\/strong><\/p>\n<p><a href=\"https:\/\/www.phelippotyves.fr\/site\/carnaval-de-venise-2020\"><img loading=\"lazy\" decoding=\"async\" class=\"alignnone wp-image-16033 size-full\" src=\"https:\/\/www.phelippotyves.fr\/site\/wp-content\/uploads\/00-carnaval-de-Venise-2020.jpg\" alt=\"\" width=\"150\" height=\"143\"><\/a><\/p>\n<p><strong>Ann\u00e9e 2018<\/strong><\/p>\n<p><a href=\"https:\/\/www.phelippotyves.fr\/site\/carnaval-de-venise-2018\"><img loading=\"lazy\" decoding=\"async\" class=\"alignnone size-full wp-image-12726\" src=\"https:\/\/www.phelippotyves.fr\/site\/wp-content\/uploads\/2018\/06\/Venise-2018.jpg\" alt=\"\" width=\"150\" height=\"143\"><\/a><\/p>\n<p><strong>Ann\u00e9e 2016<\/strong><\/p>\n<p><a href=\"https:\/\/www.phelippotyves.fr\/site\/carnaval-de-venise-2016\"><img loading=\"lazy\" decoding=\"async\" class=\"alignnone wp-image-12608 size-full\" src=\"https:\/\/www.phelippotyves.fr\/site\/wp-content\/uploads\/2018\/06\/vignette-VENISE-2016.jpg\" alt=\"\" width=\"150\" height=\"143\"><\/a><\/p>\n<p><span style=\"color: #000000;\"><strong>Ann\u00e9e 2014<\/strong><\/span><\/p>\n<p><a href=\"https:\/\/www.phelippotyves.fr\/2014\/marchands_venise\/marchands_venise.html\" target=\"_blank\" rel=\"noopener noreferrer\"><img loading=\"lazy\" decoding=\"async\" class=\"alignnone size-full wp-image-7680\" src=\"https:\/\/www.phelippotyves.fr\/site\/wp-content\/uploads\/2010\/08\/vignette-les-marchands-du-temple-2014.jpg\" alt=\"vignette-les marchands du temple-2014\" width=\"150\" height=\"143\"><\/a> <a href=\"https:\/\/www.phelippotyves.fr\/site\/carnaval-venise-2014\"><img loading=\"lazy\" decoding=\"async\" class=\"alignnone size-full wp-image-7917\" src=\"https:\/\/www.phelippotyves.fr\/site\/wp-content\/uploads\/2010\/08\/vignette-Carnaval-2014.jpg\" alt=\"vignette-Carnaval 2014\" width=\"150\" height=\"143\"><\/a><\/p>\n<p><a href=\"https:\/\/www.phelippotyves.fr\/2014\/venezia\/venezia01.html\" target=\"_blank\" rel=\"noopener noreferrer\"><img loading=\"lazy\" decoding=\"async\" class=\"alignnone wp-image-7636\" src=\"https:\/\/www.phelippotyves.fr\/site\/wp-content\/uploads\/2010\/08\/venise01.jpg\" alt=\"venise01\" width=\"210\" height=\"100\"><\/a> <a href=\"https:\/\/www.phelippotyves.fr\/2014\/venezia\/venezia02.html\" target=\"_blank\" rel=\"noopener noreferrer\"><img loading=\"lazy\" decoding=\"async\" class=\"alignnone wp-image-7637\" src=\"https:\/\/www.phelippotyves.fr\/site\/wp-content\/uploads\/2010\/08\/venise02.jpg\" alt=\"venise02\" width=\"210\" height=\"100\"><\/a><\/p>\n<p><span style=\"color: #000000;\"><strong>Ann\u00e9e 2012<br \/>\n<\/strong><\/span><\/p>\n<p><a href=\"https:\/\/www.phelippotyves.fr\/site\/carnaval-de-venise-2012\"><img loading=\"lazy\" decoding=\"async\" class=\"alignnone size-full wp-image-4128\" title=\"vicarnaval2012\" src=\"https:\/\/www.phelippotyves.fr\/site\/wp-content\/uploads\/2010\/08\/vicarnaval2012.jpg\" alt=\"\" width=\"150\" height=\"143\"><\/a> <a href=\"https:\/\/www.phelippotyves.fr\/venise2012\/les_marchands-du-temple.html\" target=\"_blank\" rel=\"noopener noreferrer\"><img loading=\"lazy\" decoding=\"async\" class=\"alignnone size-full wp-image-4109\" title=\"vilesmarchandsdutemple\" src=\"https:\/\/www.phelippotyves.fr\/site\/wp-content\/uploads\/2010\/08\/vilesmarchandsdutemple.jpg\" alt=\"\" width=\"150\" height=\"143\"><\/a> <a href=\"https:\/\/www.phelippotyves.fr\/venise2012\/les_yeux_de_venise.html\" target=\"_blank\" rel=\"noopener noreferrer\"><img loading=\"lazy\" decoding=\"async\" class=\"alignnone size-full wp-image-4124\" title=\"vilesyeuxdevenise\" src=\"https:\/\/www.phelippotyves.fr\/site\/wp-content\/uploads\/2010\/08\/vilesyeuxdevenise2.jpg\" alt=\"\" width=\"150\" height=\"143\"><\/a> <a href=\"https:\/\/www.phelippotyves.fr\/site\/le-carnaval-populaire\"><img loading=\"lazy\" decoding=\"async\" class=\"alignnone size-full wp-image-4112\" title=\"vicarnavalpopulaire\" src=\"https:\/\/www.phelippotyves.fr\/site\/wp-content\/uploads\/2010\/08\/vicarnavalpopulaire.jpg\" alt=\"\" width=\"150\" height=\"143\"><\/a><\/p>\n<p><a href=\"https:\/\/www.phelippotyves.fr\/venise2012\/burano_cubiste.html\" target=\"_blank\" rel=\"noopener noreferrer\"><img loading=\"lazy\" decoding=\"async\" class=\"alignnone size-full wp-image-4160\" title=\"viburanocubiste\" src=\"https:\/\/www.phelippotyves.fr\/site\/wp-content\/uploads\/2010\/08\/viburanocubiste.jpg\" alt=\"\" width=\"150\" height=\"143\"><\/a> <a href=\"https:\/\/www.phelippotyves.fr\/site\/cafe-et-palais\"><img loading=\"lazy\" decoding=\"async\" class=\"alignnone size-full wp-image-4161\" title=\"vignette-caf\u00e9 et palais\" src=\"https:\/\/www.phelippotyves.fr\/site\/wp-content\/uploads\/2010\/08\/vignette-caf\u00e9-et-palais.jpg\" alt=\"\" width=\"150\" height=\"143\"><\/a> <a href=\"https:\/\/www.phelippotyves.fr\/site\/insolite-venise\"><img loading=\"lazy\" decoding=\"async\" class=\"alignnone size-full wp-image-4162\" title=\"vignette-Insolite Venise\" src=\"https:\/\/www.phelippotyves.fr\/site\/wp-content\/uploads\/2010\/08\/vignette-Insolite-Venise.jpg\" alt=\"\" width=\"150\" height=\"143\"><\/a><\/p>\n<p><span style=\"color: #000000;\"><strong>Ann\u00e9e 2011<\/strong><\/span><\/p>\n<p><strong><a href=\"https:\/\/www.phelippotyves.fr\/site\/venise-2011\" target=\"\" rel=\"noopener noreferrer\"><img loading=\"lazy\" decoding=\"async\" src=\"https:\/\/www.phelippotyves.fr\/site\/wp-content\/uploads\/image\/actualite\/vignette-G01.jpg\" alt=\"\" width=\"150\" height=\"143\"><\/a> <a href=\"https:\/\/www.phelippotyves.fr\/venise2011\/venise2011.html\" target=\"_blank\" rel=\"noopener noreferrer\"><img loading=\"lazy\" decoding=\"async\" src=\"https:\/\/www.phelippotyves.fr\/site\/wp-content\/uploads\/image\/actualite\/vignette-G02 copie.jpg\" alt=\"\" width=\"150\" height=\"143\"><\/a> <a href=\"https:\/\/www.phelippotyves.fr\/site\/venise-2011-2\"><img loading=\"lazy\" decoding=\"async\" src=\"https:\/\/www.phelippotyves.fr\/site\/wp-content\/uploads\/image\/actualite\/vignette-G03.jpg\" alt=\"\" width=\"150\" height=\"143\"><\/a><\/strong><\/p>\n<p><strong>Ann\u00e9e 2010<\/strong><\/p>\n<p><a href=\"https:\/\/www.phelippotyves.fr\/venise2010\/venise2010g1.htm\" target=\"_blank\" rel=\"noopener noreferrer\"><img loading=\"lazy\" decoding=\"async\" src=\"https:\/\/www.phelippotyves.fr\/site\/wp-content\/uploads\/image\/venise\/01.jpg\" alt=\"\" width=\"150\" height=\"143\"><\/a> <a href=\"https:\/\/www.phelippotyves.fr\/venise2010\/venise2010g2.htm\" target=\"_blank\" rel=\"noopener noreferrer\"><img loading=\"lazy\" decoding=\"async\" src=\"https:\/\/www.phelippotyves.fr\/site\/wp-content\/uploads\/image\/venise\/02.jpg\" alt=\"\" width=\"150\" height=\"143\"><\/a> <a href=\"https:\/\/www.phelippotyves.fr\/venise2010\/venise2010g3.htm\" target=\"_blank\" rel=\"noopener noreferrer\"><img loading=\"lazy\" decoding=\"async\" src=\"https:\/\/www.phelippotyves.fr\/site\/wp-content\/uploads\/image\/venise\/03.jpg\" alt=\"\" width=\"150\" height=\"143\"><\/a> <a href=\"https:\/\/www.phelippotyves.fr\/venise2010\/venise2010g4.htm\" target=\"_blank\" rel=\"noopener noreferrer\"><img loading=\"lazy\" decoding=\"async\" src=\"https:\/\/www.phelippotyves.fr\/site\/wp-content\/uploads\/image\/venise\/04.jpg\" alt=\"\" width=\"150\" height=\"143\"><\/a><\/p>\n<p><span style=\"color: #000000;\"><strong>Hommage \u00e0 Mich\u00e8le<br \/>\n<\/strong><\/span><\/p>\n<p><strong><a href=\"https:\/\/www.phelippotyves.fr\/site\/hommage-a-michele\" target=\"\" rel=\"noopener noreferrer\"><img loading=\"lazy\" decoding=\"async\" src=\"https:\/\/www.phelippotyves.fr\/site\/wp-content\/uploads\/image\/actualite\/vignette-hommage.jpg\" alt=\"\" width=\"150\" height=\"143\"><\/a> <a href=\"https:\/\/www.phelippotyves.fr\/hommageamichele\/hommage.html\" target=\"_blank\" rel=\"noopener noreferrer\"><img loading=\"lazy\" decoding=\"async\" src=\"https:\/\/www.phelippotyves.fr\/site\/wp-content\/uploads\/image\/actualite\/vignette-hommage historique.jpg\" alt=\"\" width=\"150\" height=\"143\"><\/a><\/strong><\/p>\n<p><strong>Ann\u00e9e 2009<\/strong><\/p>\n<p><a href=\"https:\/\/www.phelippotyves.fr\/2009\/vns01\/venise2009.htm\" target=\"_blank\" rel=\"noopener noreferrer\"><img loading=\"lazy\" decoding=\"async\" src=\"https:\/\/www.phelippotyves.fr\/site\/wp-content\/uploads\/image\/venise\/venise 2009\/01.jpg\" alt=\"\" width=\"150\" height=\"143\"><\/a> <a href=\"https:\/\/www.phelippotyves.fr\/2009\/vns02\/venise2009.htm\" target=\"_blank\" rel=\"noopener noreferrer\"><img loading=\"lazy\" decoding=\"async\" src=\"https:\/\/www.phelippotyves.fr\/site\/wp-content\/uploads\/image\/venise\/venise 2009\/02.jpg\" alt=\"\" width=\"150\" height=\"143\"><\/a> <a href=\"https:\/\/www.phelippotyves.fr\/2009\/vns03\/venise2009.html\" target=\"_blank\" rel=\"noopener noreferrer\"><img loading=\"lazy\" decoding=\"async\" src=\"https:\/\/www.phelippotyves.fr\/site\/wp-content\/uploads\/image\/venise\/venise 2009\/03.jpg\" alt=\"\" width=\"150\" height=\"143\"><\/a><\/p>\n<p><strong>Ann\u00e9e 2008<\/strong><\/p>\n<p><span style=\"color: #000000;\"><strong><a href=\"https:\/\/www.phelippotyves.fr\/pagesvenise2008\/venise2008g1.htm\" target=\"_blank\" rel=\"noopener noreferrer\"><img loading=\"lazy\" decoding=\"async\" src=\"https:\/\/www.phelippotyves.fr\/site\/wp-content\/uploads\/image\/venise\/venise 2008\/01.jpg\" alt=\"\" width=\"150\" height=\"143\"><\/a> <a href=\"https:\/\/www.phelippotyves.fr\/pagesvenise2008\/venise2008g2.htm\" target=\"_blank\" rel=\"noopener noreferrer\"><img loading=\"lazy\" decoding=\"async\" src=\"https:\/\/www.phelippotyves.fr\/site\/wp-content\/uploads\/image\/venise\/venise 2008\/02.jpg\" alt=\"\" width=\"150\" height=\"143\"><\/a> <a href=\"https:\/\/www.phelippotyves.fr\/pagesvenise2008\/venise2008g3.htm\" target=\"_blank\" rel=\"noopener noreferrer\"><img loading=\"lazy\" decoding=\"async\" src=\"https:\/\/www.phelippotyves.fr\/site\/wp-content\/uploads\/image\/venise\/venise 2008\/03.jpg\" alt=\"\" width=\"150\" height=\"143\"><\/a> <a href=\"https:\/\/www.phelippotyves.fr\/pagesvenise2008\/venise2008g4.htm\" target=\"_blank\" rel=\"noopener noreferrer\"><img loading=\"lazy\" decoding=\"async\" src=\"https:\/\/www.phelippotyves.fr\/site\/wp-content\/uploads\/image\/venise\/venise 2008\/04.jpg\" alt=\"\" width=\"150\" height=\"143\"><\/a><br \/>\n<\/strong><\/span><\/p>\n<p><strong>Ann\u00e9e 2007<a href=\"https:\/\/www.phelippotyves.fr\/pagesvenise2007\/g3.html\" target=\"_blank\" rel=\"noopener noreferrer\"><br \/>\n<\/a><\/strong><\/p>\n<p><a href=\"https:\/\/www.phelippotyves.fr\/pagesvenise2007\/g1.html\" target=\"_blank\" rel=\"noopener noreferrer\"><img loading=\"lazy\" decoding=\"async\" src=\"https:\/\/www.phelippotyves.fr\/site\/wp-content\/uploads\/image\/venise\/venise 2007\/01.jpg\" alt=\"\" width=\"150\" height=\"143\"><\/a> <a href=\"https:\/\/www.phelippotyves.fr\/pagesvenise2007\/g2.html\" target=\"_blank\" rel=\"noopener noreferrer\"><img loading=\"lazy\" decoding=\"async\" src=\"https:\/\/www.phelippotyves.fr\/site\/wp-content\/uploads\/image\/venise\/venise 2007\/02.jpg\" alt=\"\" width=\"150\" height=\"143\"><\/a> <a href=\"https:\/\/www.phelippotyves.fr\/pagesvenise2007\/g3.html\" target=\"_blank\" rel=\"noopener noreferrer\"><img loading=\"lazy\" decoding=\"async\" src=\"https:\/\/www.phelippotyves.fr\/site\/wp-content\/uploads\/image\/venise\/venise 2007\/03.jpg\" alt=\"\" width=\"150\" height=\"143\"><\/a><\/p>\n<p><strong>Ann\u00e9e 2005<\/strong><\/p>\n<p><a href=\"https:\/\/www.phelippotyves.fr\/site\/venise-2005\"><img loading=\"lazy\" decoding=\"async\" src=\"https:\/\/www.phelippotyves.fr\/site\/wp-content\/uploads\/image\/venise\/venise 2005\/2005.jpg\" alt=\"\" width=\"150\" height=\"143\"><\/a><\/p>\n<p><strong>Ann\u00e9e 2004<\/strong><\/p>\n<p><a href=\"https:\/\/www.phelippotyves.fr\/photos\/venise 2004\/carnavaldevenise2004.html\" target=\"_blank\" rel=\"noopener noreferrer\"><img loading=\"lazy\" decoding=\"async\" src=\"https:\/\/www.phelippotyves.fr\/site\/wp-content\/uploads\/image\/venise\/venise 2004\/2004.jpg\" alt=\"\" width=\"150\" height=\"143\"><\/a><\/p>\n<p><strong>Les carnavals V\u00e9nitiens<\/strong><a href=\"https:\/\/www.phelippotyves.fr\/pagesremiremont\/remiremont.html\" target=\"_blank\" rel=\"noopener noreferrer\"><br \/>\nCarnaval de Remiremont 2006<\/a> | <a href=\"https:\/\/www.phelippotyves.fr\/pagesludwig\/ludwig.html\" target=\"_blank\" rel=\"noopener noreferrer\">Carnaval de Ludwigsburg 2006<\/a><\/p>\n<p><span style=\"color: #000000;\"><strong>Autres images de Venise<\/strong><\/span><a href=\"https:\/\/www.phelippotyves.fr\/site\/venise-et-la-modernite\" target=\"\" rel=\"noopener noreferrer\"><br \/>\n<img loading=\"lazy\" decoding=\"async\" src=\"https:\/\/www.phelippotyves.fr\/site\/wp-content\/uploads\/image\/venise\/venise 2009\/modernite.jpg\" alt=\"\" width=\"150\" height=\"143\"><\/a> <a href=\"https:\/\/www.phelippotyves.fr\/2010\/veniselumiere\/veniselumiere.html\" target=\"_blank\" rel=\"noopener noreferrer\"> <img loading=\"lazy\" decoding=\"async\" src=\"https:\/\/www.phelippotyves.fr\/site\/wp-content\/uploads\/image\/venise\/autres\/vignette-couleurs-lumi\u00e8re.jpg\" alt=\"\" width=\"150\" height=\"143\"><\/a> <a href=\"https:\/\/www.phelippotyves.fr\/2010\/veniseimpertinente\/venise.html\" target=\"_blank\" rel=\"noopener noreferrer\"> <img loading=\"lazy\" decoding=\"async\" src=\"https:\/\/www.phelippotyves.fr\/site\/wp-content\/uploads\/image\/venise\/autres\/vignette-impertinente.jpg\" alt=\"\" width=\"150\" height=\"143\"><\/a> <a href=\"https:\/\/www.phelippotyves.fr\/site\/venise-en-ete\"> <img loading=\"lazy\" decoding=\"async\" src=\"https:\/\/www.phelippotyves.fr\/site\/wp-content\/uploads\/image\/venise\/autres\/venise-ete.jpg\" alt=\"\" width=\"150\" height=\"143\"><\/a> <a href=\"https:\/\/www.phelippotyves.fr\/site\/venise\/biennale-de-venise\"><img loading=\"lazy\" decoding=\"async\" src=\"https:\/\/www.phelippotyves.fr\/site\/wp-content\/uploads\/image\/venise\/vignette Burano cubiste.jpg\" alt=\"\" width=\"150\" height=\"143\"><\/a><\/p>\n","protected":false},"excerpt":{"rendered":"<p>Le carnaval de Venise Ann\u00e9e 2020 Ann\u00e9e 2018 Ann\u00e9e 2016 Ann\u00e9e 2014 Ann\u00e9e 2012 Ann\u00e9e 2011 Ann\u00e9e 2010 Hommage \u00e0 Mich\u00e8le Ann\u00e9e 2009 Ann\u00e9e 2008 Ann\u00e9e 2007 Ann\u00e9e 2005 Ann\u00e9e 2004 Les carnavals V\u00e9nitiens Carnaval de Remiremont 2006 | Carnaval &hellip; <a href=\"https:\/\/www.phelippotyves.fr\/site\/venise\">Lire la suite <span class=\"meta-nav\">&rarr;<\/span><\/a><\/p>\n","protected":false},"author":8,"featured_media":0,"parent":0,"menu_order":0,"comment_status":"open","ping_status":"open","template":"","meta":{"footnotes":""},"class_list":["post-884","page","type-page","status-publish","hentry"],"_links":{"self":[{"href":"https:\/\/www.phelippotyves.fr\/site\/wp-json\/wp\/v2\/pages\/884","targetHints":{"allow":["GET"]}}],"collection":[{"href":"https:\/\/www.phelippotyves.fr\/site\/wp-json\/wp\/v2\/pages"}],"about":[{"href":"https:\/\/www.phelippotyves.fr\/site\/wp-json\/wp\/v2\/types\/page"}],"author":[{"embeddable":true,"href":"https:\/\/www.phelippotyves.fr\/site\/wp-json\/wp\/v2\/users\/8"}],"replies":[{"embeddable":true,"href":"https:\/\/www.phelippotyves.fr\/site\/wp-json\/wp\/v2\/comments?post=884"}],"version-history":[{"count":2,"href":"https:\/\/www.phelippotyves.fr\/site\/wp-json\/wp\/v2\/pages\/884\/revisions"}],"predecessor-version":[{"id":16034,"href":"https:\/\/www.phelippotyves.fr\/site\/wp-json\/wp\/v2\/pages\/884\/revisions\/16034"}],"wp:attachment":[{"href":"https:\/\/www.phelippotyves.fr\/site\/wp-json\/wp\/v2\/media?parent=884"}],"curies":[{"name":"wp","href":"https:\/\/api.w.org\/{rel}","templated":true}]}}