{"id":918,"date":"2010-08-02T22:50:23","date_gmt":"2010-08-02T20:50:23","guid":{"rendered":"https:\/\/www.phelippotyves.fr\/site\/?page_id=918"},"modified":"2018-06-10T17:40:56","modified_gmt":"2018-06-10T15:40:56","slug":"biographie","status":"publish","type":"page","link":"https:\/\/www.phelippotyves.fr\/site\/biographie","title":{"rendered":"Biographie"},"content":{"rendered":"<p>Pour en savoir plus sur Yves Phelippot, vous pouvez visualiser <a href=\"https:\/\/www.phelippotyves.fr\/cv.pdf\" target=\"_blank\" rel=\"noopener\">son CV au format PDF<\/a>.<\/p>\n<p><span style=\"color: #000000;\"><strong>Autres pages consacr\u00e9es \u00e0 Yves Phelippot <\/strong><\/span><br \/>\n<a href=\"http:\/\/www.uneparjour.org\/\" target=\"_blank\" rel=\"noopener\">Le site &#8220;une par jour&#8221;<\/a> <a href=\"http:\/\/photopera.org\/f\/balades.php\" target=\"_blank\" rel=\"noopener\"><br \/>\nLe site photop\u00e9ra qui pr\u00e9sente les travaux d&#8217;Yves Phelippot.<\/a> <a href=\"http:\/\/gmarche10.free.fr\/site\/yves%20phelippot.htm\" target=\"_blank\" rel=\"noopener\"><br \/>\nPages d&#8217;Yves Phelippot sur le site de G Marche<\/a><\/p>\n<p style=\"text-align: center;\"><a href=\"https:\/\/www.phelippotyves.fr\/pagestraindenuit\/train\/train.html\" target=\"_blank\" rel=\"noopener\"><img loading=\"lazy\" decoding=\"async\" src=\"https:\/\/www.phelippotyves.fr\/site\/wp-content\/uploads\/image\/biographie\/bio.jpg\" alt=\"\" width=\"800\" height=\"266\"><\/a><\/p>\n<p style=\"text-align: center;\">Trains de nuit \u00e0 la fronti\u00e8re<\/p>\n","protected":false},"excerpt":{"rendered":"<p>Pour en savoir plus sur Yves Phelippot, vous pouvez visualiser son CV au format PDF. Autres pages consacr\u00e9es \u00e0 Yves Phelippot Le site &#8220;une par jour&#8221; Le site photop\u00e9ra qui pr\u00e9sente les travaux d&#8217;Yves Phelippot. Pages d&#8217;Yves Phelippot sur le &hellip; <a href=\"https:\/\/www.phelippotyves.fr\/site\/biographie\">Lire la suite <span class=\"meta-nav\">&rarr;<\/span><\/a><\/p>\n","protected":false},"author":8,"featured_media":0,"parent":0,"menu_order":0,"comment_status":"open","ping_status":"open","template":"","meta":{"footnotes":""},"_links":{"self":[{"href":"https:\/\/www.phelippotyves.fr\/site\/wp-json\/wp\/v2\/pages\/918"}],"collection":[{"href":"https:\/\/www.phelippotyves.fr\/site\/wp-json\/wp\/v2\/pages"}],"about":[{"href":"https:\/\/www.phelippotyves.fr\/site\/wp-json\/wp\/v2\/types\/page"}],"author":[{"embeddable":true,"href":"https:\/\/www.phelippotyves.fr\/site\/wp-json\/wp\/v2\/users\/8"}],"replies":[{"embeddable":true,"href":"https:\/\/www.phelippotyves.fr\/site\/wp-json\/wp\/v2\/comments?post=918"}],"version-history":[{"count":1,"href":"https:\/\/www.phelippotyves.fr\/site\/wp-json\/wp\/v2\/pages\/918\/revisions"}],"predecessor-version":[{"id":12837,"href":"https:\/\/www.phelippotyves.fr\/site\/wp-json\/wp\/v2\/pages\/918\/revisions\/12837"}],"wp:attachment":[{"href":"https:\/\/www.phelippotyves.fr\/site\/wp-json\/wp\/v2\/media?parent=918"}],"curies":[{"name":"wp","href":"https:\/\/api.w.org\/{rel}","templated":true}]}}