{"id":945,"date":"2010-08-05T10:31:29","date_gmt":"2010-08-05T08:31:29","guid":{"rendered":"https:\/\/www.phelippotyves.fr\/site"},"modified":"2023-04-17T12:22:04","modified_gmt":"2023-04-17T10:22:04","slug":"creations-2","status":"publish","type":"page","link":"https:\/\/www.phelippotyves.fr\/site\/creations-2","title":{"rendered":"Cr\u00e9ations"},"content":{"rendered":"<p><a href=\"https:\/\/www.phelippotyves.fr\/site\/compressions-extensions\"><img loading=\"lazy\" decoding=\"async\" class=\"alignnone wp-image-15631 size-full\" src=\"https:\/\/www.phelippotyves.fr\/site\/wp-content\/uploads\/compressions-extensions.jpg\" alt=\"\" width=\"150\" height=\"143\"> <\/a> <a href=\"https:\/\/www.phelippotyves.fr\/site\/concentrations\"><img loading=\"lazy\" decoding=\"async\" class=\"alignnone size-full wp-image-19769\" src=\"https:\/\/www.phelippotyves.fr\/site\/wp-content\/uploads\/concentrations.jpg\" alt=\"\" width=\"150\" height=\"143\"><\/a> <a href=\"https:\/\/www.phelippotyves.fr\/site\/en-resonances\"><img loading=\"lazy\" decoding=\"async\" class=\"alignnone wp-image-19864 size-full\" src=\"https:\/\/www.phelippotyves.fr\/site\/wp-content\/uploads\/resonances.jpg\" alt=\"\" width=\"150\" height=\"143\"><\/a><\/p>\n<p><span style=\"color: #000000;\"><strong><a href=\"https:\/\/www.phelippotyves.fr\/site\/fictions\"><img loading=\"lazy\" decoding=\"async\" class=\"alignnone size-thumbnail wp-image-12763\" src=\"https:\/\/www.phelippotyves.fr\/site\/wp-content\/uploads\/2018\/06\/Fictions-2017-2018-150x143.jpg\" alt=\"\" width=\"150\" height=\"143\"><\/a> <a href=\"https:\/\/www.phelippotyves.fr\/site\/archanges-combattants\"><img loading=\"lazy\" decoding=\"async\" class=\"alignnone size-full wp-image-12729\" src=\"https:\/\/www.phelippotyves.fr\/site\/wp-content\/uploads\/2018\/06\/archanges.jpg\" alt=\"\" width=\"150\" height=\"143\"><\/a><\/strong><\/span><\/p>\n<p><a href=\"https:\/\/www.phelippotyves.fr\/site\/le-sud\"><img loading=\"lazy\" decoding=\"async\" class=\"alignnone wp-image-9935 size-full\" src=\"https:\/\/www.phelippotyves.fr\/site\/wp-content\/uploads\/2010\/08\/vignette-LE-SUD.jpg\" alt=\"vignette-LE SUD\" width=\"150\" height=\"143\"><\/a><\/p>\n<p><a href=\"https:\/\/www.phelippotyves.fr\/2014\/images_en_expansion\/images_en_expansion.html\" target=\"_blank\" rel=\"noopener noreferrer\"><img loading=\"lazy\" decoding=\"async\" class=\"alignleft wp-image-7626\" src=\"https:\/\/www.phelippotyves.fr\/site\/wp-content\/uploads\/2010\/08\/images_en_expansion.jpg\" alt=\"alpes\" width=\"200\" height=\"95\"><\/a><\/p>\n<p>&nbsp;<\/p>\n<p>&nbsp;<\/p>\n<p>&nbsp;<\/p>\n<p><span style=\"color: #000000;\"><strong>Aventure du regard<\/strong><\/span><br \/>\n<a href=\"https:\/\/www.phelippotyves.fr\/2009\/Aventureduregard\/aventurederegard.htm\" target=\"_blank\" rel=\"noopener noreferrer\"><img loading=\"lazy\" decoding=\"async\" src=\"https:\/\/www.phelippotyves.fr\/site\/wp-content\/uploads\/image\/creations\/avenregard.jpg\" alt=\"\" width=\"150\" height=\"143\"><\/a><\/p>\n<p><strong><span style=\"color: #000000;\">Les trains de nuit<\/span><\/strong><br \/>\n<a href=\"https:\/\/www.phelippotyves.fr\/pagestraindenuit\/train\/train.html\" target=\"_blank\" rel=\"noopener noreferrer\"><img loading=\"lazy\" decoding=\"async\" src=\"https:\/\/www.phelippotyves.fr\/site\/wp-content\/uploads\/image\/creations\/train.jpg\" alt=\"\" width=\"150\" height=\"143\"><\/a><\/p>\n<p>&nbsp;<\/p>\n<p><strong><span style=\"color: #000000;\">Les ronds-points en folie 2006 \/ 2007<\/span><\/strong><br \/>\n<a href=\"https:\/\/www.phelippotyves.fr\/pagesrondspoints\/rondspoints.html\" target=\"_blank\" rel=\"noopener noreferrer\"><img loading=\"lazy\" decoding=\"async\" src=\"https:\/\/www.phelippotyves.fr\/site\/wp-content\/uploads\/image\/creations\/rdp.jpg\" alt=\"\" width=\"150\" height=\"143\"><\/a><\/p>\n<p><span style=\"color: #000000;\"><strong>Les tableaux de l&#8217;ouest am\u00e9ricains 2006 \/ 2007<\/strong><\/span><br \/>\n<a href=\"https:\/\/www.phelippotyves.fr\/pagesusa\/ouestusa\/ouestusa.html\" target=\"_blank\" rel=\"noopener noreferrer\"><img loading=\"lazy\" decoding=\"async\" src=\"https:\/\/www.phelippotyves.fr\/site\/wp-content\/uploads\/image\/voyages photographiques\/ouest.jpg\" alt=\"\" width=\"150\" height=\"143\"><\/a><\/p>\n<p><span style=\"color: #000000;\"><strong>Jonctions<\/strong><\/span><br \/>\n<a href=\"https:\/\/www.phelippotyves.fr\/photos\/jonctions\/index.htm\" target=\"_blank\" rel=\"noopener noreferrer\"><img loading=\"lazy\" decoding=\"async\" src=\"https:\/\/www.phelippotyves.fr\/site\/wp-content\/uploads\/image\/creations\/jonctions.jpg\" alt=\"\" width=\"150\" height=\"143\"><\/a><\/p>\n<p><span style=\"color: #000000;\"><strong>Civilisation<\/strong><\/span><br \/>\n<strong><a href=\"https:\/\/www.phelippotyves.fr\/2010\/civilisationmuraille.html\" target=\"_blank\" rel=\"noopener noreferrer\"><img loading=\"lazy\" decoding=\"async\" src=\"https:\/\/www.phelippotyves.fr\/site\/wp-content\/uploads\/image\/actualite\/07.jpg\" alt=\"\" width=\"150\" height=\"143\"><\/a> <a href=\"https:\/\/www.phelippotyves.fr\/2010\/civilisationpluieurbaine.html\" target=\"_blank\" rel=\"noopener noreferrer\"><img loading=\"lazy\" decoding=\"async\" src=\"https:\/\/www.phelippotyves.fr\/site\/wp-content\/uploads\/image\/actualite\/08.jpg\" alt=\"\" width=\"150\" height=\"143\"><\/a> <a href=\"https:\/\/www.phelippotyves.fr\/2010\/civilisationrevesengloutis.html\" target=\"_blank\" rel=\"noopener noreferrer\"><img loading=\"lazy\" decoding=\"async\" src=\"https:\/\/www.phelippotyves.fr\/site\/wp-content\/uploads\/image\/actualite\/09.jpg\" alt=\"\" width=\"150\" height=\"143\"> <\/a><\/strong><a href=\"https:\/\/www.phelippotyves.fr\/site\/les-couleurs-dun-monastere\" target=\"_blank\" rel=\"noopener noreferrer\"><img loading=\"lazy\" decoding=\"async\" src=\"https:\/\/www.phelippotyves.fr\/site\/wp-content\/uploads\/image\/actualite\/vignette-couleurs monast\u00e8re.jpg\" alt=\"\" width=\"150\" height=\"143\"><\/a><\/p>\n<p><a href=\"https:\/\/www.phelippotyves.fr\/actu\/communication.html\" target=\"_blank\" rel=\"noopener noreferrer\"><img loading=\"lazy\" decoding=\"async\" class=\"alignnone size-full wp-image-4219\" title=\"vignette communication\" src=\"https:\/\/www.phelippotyves.fr\/site\/wp-content\/uploads\/2010\/08\/vignette-communication1.jpg\" alt=\"\" width=\"150\" height=\"143\"><\/a><\/p>\n<h2>L&#8217;h\u00e9sitation au voyage (tour de la Lanterne La Rochelle, \u00e9t\u00e9 2014)<br \/>\ncollectif Ad Libitum<\/h2>\n<div style=\"width: 480px;\" class=\"wp-video\"><!--[if lt IE 9]><script>document.createElement('video');<\/script><![endif]-->\n<video class=\"wp-video-shortcode\" id=\"video-945-1\" width=\"480\" height=\"264\" preload=\"metadata\" controls=\"controls\"><source type=\"video\/mp4\" src=\"https:\/\/www.phelippotyves.fr\/site\/wp-content\/uploads\/2014\/06\/adlibitum.mp4?_=1\" \/><a href=\"https:\/\/www.phelippotyves.fr\/site\/wp-content\/uploads\/2014\/06\/adlibitum.mp4\">https:\/\/www.phelippotyves.fr\/site\/wp-content\/uploads\/2014\/06\/adlibitum.mp4<\/a><\/video><\/div>\n<p><a href=\"https:\/\/www.phelippotyves.fr\/site\/expositions-guerre-et-paix\"><strong><br \/>\nExposition Guerre et paix<\/strong><\/a><\/p>\n<p><a href=\"https:\/\/www.phelippotyves.fr\/site\/les-murs-peints\"><strong>Les murs peints de la ville en bois<br \/>\n<\/strong><\/a><\/p>\n<p><a href=\"https:\/\/www.phelippotyves.fr\/java\/pages_internet\/pages_operas\/opera.htm\" target=\"_blank\" rel=\"noopener noreferrer\"><strong>Les op\u00e9ras photographiques europ\u00e9ens<\/strong><br \/>\n<\/a><\/p>\n<p>&nbsp;<\/p>\n<p>&nbsp;<\/p>\n","protected":false},"excerpt":{"rendered":"<p>&nbsp; &nbsp; &nbsp; Aventure du regard Les trains de nuit &nbsp; Les ronds-points en folie 2006 \/ 2007 Les tableaux de l&#8217;ouest am\u00e9ricains 2006 \/ 2007 Jonctions Civilisation L&#8217;h\u00e9sitation au voyage (tour de la Lanterne La Rochelle, \u00e9t\u00e9 2014) collectif &hellip; <a href=\"https:\/\/www.phelippotyves.fr\/site\/creations-2\">Lire la suite <span class=\"meta-nav\">&rarr;<\/span><\/a><\/p>\n","protected":false},"author":8,"featured_media":0,"parent":0,"menu_order":0,"comment_status":"closed","ping_status":"closed","template":"","meta":{"footnotes":""},"_links":{"self":[{"href":"https:\/\/www.phelippotyves.fr\/site\/wp-json\/wp\/v2\/pages\/945"}],"collection":[{"href":"https:\/\/www.phelippotyves.fr\/site\/wp-json\/wp\/v2\/pages"}],"about":[{"href":"https:\/\/www.phelippotyves.fr\/site\/wp-json\/wp\/v2\/types\/page"}],"author":[{"embeddable":true,"href":"https:\/\/www.phelippotyves.fr\/site\/wp-json\/wp\/v2\/users\/8"}],"replies":[{"embeddable":true,"href":"https:\/\/www.phelippotyves.fr\/site\/wp-json\/wp\/v2\/comments?post=945"}],"version-history":[{"count":6,"href":"https:\/\/www.phelippotyves.fr\/site\/wp-json\/wp\/v2\/pages\/945\/revisions"}],"predecessor-version":[{"id":19868,"href":"https:\/\/www.phelippotyves.fr\/site\/wp-json\/wp\/v2\/pages\/945\/revisions\/19868"}],"wp:attachment":[{"href":"https:\/\/www.phelippotyves.fr\/site\/wp-json\/wp\/v2\/media?parent=945"}],"curies":[{"name":"wp","href":"https:\/\/api.w.org\/{rel}","templated":true}]}}